{"id":679,"date":"2024-02-07T11:36:50","date_gmt":"2024-02-07T11:36:50","guid":{"rendered":"https:\/\/laventanadealmocita.com\/?page_id=679"},"modified":"2024-09-19T08:16:24","modified_gmt":"2024-09-19T08:16:24","slug":"restaurante-el-rincon-de-almocita","status":"publish","type":"page","link":"https:\/\/laventanadealmocita.com\/index.php\/restaurante-el-rincon-de-almocita\/","title":{"rendered":"Restaurante El Rinc\u00f3n de Alm\u00f3cita (Licitaci\u00f3n Cerrada)"},"content":{"rendered":"\n<div class=\"wp-block-media-text is-stacked-on-mobile\"><figure class=\"wp-block-media-text__media\"><img loading=\"lazy\" decoding=\"async\" width=\"576\" height=\"1024\" src=\"https:\/\/laventanadealmocita.com\/wp-content\/uploads\/2024\/02\/WhatsApp-Image-2024-02-07-at-12.53.41-1-576x1024.jpeg\" alt=\"\" class=\"wp-image-697 size-full\" srcset=\"https:\/\/laventanadealmocita.com\/wp-content\/uploads\/2024\/02\/WhatsApp-Image-2024-02-07-at-12.53.41-1-576x1024.jpeg 576w, https:\/\/laventanadealmocita.com\/wp-content\/uploads\/2024\/02\/WhatsApp-Image-2024-02-07-at-12.53.41-1-169x300.jpeg 169w, https:\/\/laventanadealmocita.com\/wp-content\/uploads\/2024\/02\/WhatsApp-Image-2024-02-07-at-12.53.41-1-768x1365.jpeg 768w, https:\/\/laventanadealmocita.com\/wp-content\/uploads\/2024\/02\/WhatsApp-Image-2024-02-07-at-12.53.41-1-864x1536.jpeg 864w, https:\/\/laventanadealmocita.com\/wp-content\/uploads\/2024\/02\/WhatsApp-Image-2024-02-07-at-12.53.41-1.jpeg 1152w\" sizes=\"auto, (max-width: 576px) 100vw, 576px\" \/><\/figure><div class=\"wp-block-media-text__content\">\n<p>El Bar Restaurante \u00abEl Rinc\u00f3n de Alm\u00f3cita\u00bb se encuentra situado en el Paraje de las Espe\u00f1uelas.<\/p>\n<\/div><\/div>\n\n\n\n<p><\/p>\n\n\n\n<p>En el siguiente enlace puedes encontrar las bases de la licitaci\u00f3n&#8230;<\/p>\n\n\n\n<div data-wp-interactive=\"core\/file\" class=\"wp-block-file\"><object data-wp-bind--hidden=\"!state.hasPdfPreview\" hidden class=\"wp-block-file__embed\" data=\"https:\/\/laventanadealmocita.com\/wp-content\/uploads\/2024\/02\/Pliego-de-Condiciones-Restaurante-El-Rincon-de-Almocita.pdf\" type=\"application\/pdf\" style=\"width:100%;height:600px\" aria-label=\"Incrustado de Pliego-de-Condiciones-Restaurante-El-Rincon-de-Almocita.\"><\/object><a id=\"wp-block-file--media-e6013f77-9981-4aa2-8a3e-50a78a4eac7a\" href=\"https:\/\/laventanadealmocita.com\/wp-content\/uploads\/2024\/02\/Pliego-de-Condiciones-Restaurante-El-Rincon-de-Almocita.pdf\">Pliego-de-Condiciones-Restaurante-El-Rincon-de-Almocita<\/a><a href=\"https:\/\/laventanadealmocita.com\/wp-content\/uploads\/2024\/02\/Pliego-de-Condiciones-Restaurante-El-Rincon-de-Almocita.pdf\" class=\"wp-block-file__button wp-element-button\" download aria-describedby=\"wp-block-file--media-e6013f77-9981-4aa2-8a3e-50a78a4eac7a\">Descarga<\/a><\/div>\n","protected":false},"excerpt":{"rendered":"<p>El Bar Restaurante \u00abEl Rinc\u00f3n de Alm\u00f3cita\u00bb se encuentra situado en el Paraje de las Espe\u00f1uelas. En el siguiente enlace puedes encontrar las bases de la licitaci\u00f3n&#8230;<\/p>\n","protected":false},"author":1,"featured_media":0,"parent":0,"menu_order":0,"comment_status":"closed","ping_status":"closed","template":"","meta":{"_kad_post_transparent":"","_kad_post_title":"","_kad_post_layout":"","_kad_post_sidebar_id":"","_kad_post_content_style":"","_kad_post_vertical_padding":"","_kad_post_feature":"","_kad_post_feature_position":"","_kad_post_header":false,"_kad_post_footer":false,"_kad_post_classname":"","footnotes":""},"class_list":["post-679","page","type-page","status-publish","hentry"],"_links":{"self":[{"href":"https:\/\/laventanadealmocita.com\/index.php\/wp-json\/wp\/v2\/pages\/679","targetHints":{"allow":["GET"]}}],"collection":[{"href":"https:\/\/laventanadealmocita.com\/index.php\/wp-json\/wp\/v2\/pages"}],"about":[{"href":"https:\/\/laventanadealmocita.com\/index.php\/wp-json\/wp\/v2\/types\/page"}],"author":[{"embeddable":true,"href":"https:\/\/laventanadealmocita.com\/index.php\/wp-json\/wp\/v2\/users\/1"}],"replies":[{"embeddable":true,"href":"https:\/\/laventanadealmocita.com\/index.php\/wp-json\/wp\/v2\/comments?post=679"}],"version-history":[{"count":4,"href":"https:\/\/laventanadealmocita.com\/index.php\/wp-json\/wp\/v2\/pages\/679\/revisions"}],"predecessor-version":[{"id":1032,"href":"https:\/\/laventanadealmocita.com\/index.php\/wp-json\/wp\/v2\/pages\/679\/revisions\/1032"}],"wp:attachment":[{"href":"https:\/\/laventanadealmocita.com\/index.php\/wp-json\/wp\/v2\/media?parent=679"}],"curies":[{"name":"wp","href":"https:\/\/api.w.org\/{rel}","templated":true}]}}