{"id":355,"date":"2023-09-02T08:41:42","date_gmt":"2023-09-02T08:41:42","guid":{"rendered":"https:\/\/laventanadealmocita.com\/index.php\/wpbc-my-booking\/"},"modified":"2023-09-02T08:41:42","modified_gmt":"2023-09-02T08:41:42","slug":"wpbc-my-booking","status":"publish","type":"page","link":"https:\/\/laventanadealmocita.com\/index.php\/wpbc-my-booking\/","title":{"rendered":"My Booking"},"content":{"rendered":"Solo se puede acceder a esta p\u00e1gina a trav\u00e9s de los enlaces que aparecen en los correos electr\u00f3nicos relacionados con tu reserva. <br\/><em>Please check more about configuration at  <a href=\"https:\/\/wpbookingcalendar.com\/faq\/configure-editing-cancel-payment-bookings-for-visitors\/\" target=\"_blank\">this page<\/a>.<\/em>\n","protected":false},"excerpt":{"rendered":"","protected":false},"author":0,"featured_media":0,"parent":0,"menu_order":0,"comment_status":"closed","ping_status":"closed","template":"","meta":{"_kad_post_transparent":"","_kad_post_title":"","_kad_post_layout":"","_kad_post_sidebar_id":"","_kad_post_content_style":"","_kad_post_vertical_padding":"","_kad_post_feature":"","_kad_post_feature_position":"","_kad_post_header":false,"_kad_post_footer":false,"_kad_post_classname":"","footnotes":""},"class_list":["post-355","page","type-page","status-publish","hentry"],"_links":{"self":[{"href":"https:\/\/laventanadealmocita.com\/index.php\/wp-json\/wp\/v2\/pages\/355","targetHints":{"allow":["GET"]}}],"collection":[{"href":"https:\/\/laventanadealmocita.com\/index.php\/wp-json\/wp\/v2\/pages"}],"about":[{"href":"https:\/\/laventanadealmocita.com\/index.php\/wp-json\/wp\/v2\/types\/page"}],"replies":[{"embeddable":true,"href":"https:\/\/laventanadealmocita.com\/index.php\/wp-json\/wp\/v2\/comments?post=355"}],"version-history":[{"count":0,"href":"https:\/\/laventanadealmocita.com\/index.php\/wp-json\/wp\/v2\/pages\/355\/revisions"}],"wp:attachment":[{"href":"https:\/\/laventanadealmocita.com\/index.php\/wp-json\/wp\/v2\/media?parent=355"}],"curies":[{"name":"wp","href":"https:\/\/api.w.org\/{rel}","templated":true}]}}