{"id":341,"date":"2023-08-25T10:35:46","date_gmt":"2023-08-25T10:35:46","guid":{"rendered":"https:\/\/laventanadealmocita.com\/?page_id=341"},"modified":"2023-08-25T10:35:48","modified_gmt":"2023-08-25T10:35:48","slug":"registra-tu-evento-con-nosotros","status":"publish","type":"page","link":"https:\/\/laventanadealmocita.com\/index.php\/registra-tu-evento-con-nosotros\/","title":{"rendered":"Registra tu evento con nosotros."},"content":{"rendered":"\n<p>Recuerda enviar el flyer (Foto del evento) que quieres que se muestre en la publicidad al correo electr\u00f3nico info@laventanadealmocita.com una vez termines el siguiente formulario:<\/p>\n\n\n<div class=\"wpforms-container wpforms-container-full wpforms-block wpforms-block-4191402d-b34d-48fd-ad6b-6e952c661a71 wpforms-render-modern\" id=\"wpforms-336\"><form id=\"wpforms-form-336\" class=\"wpforms-validate wpforms-form wpforms-ajax-form\" data-formid=\"336\" method=\"post\" enctype=\"multipart\/form-data\" action=\"\/index.php\/wp-json\/wp\/v2\/pages\/341\" data-token=\"883f27d262c566d81d6aec7c760465f4\" data-token-time=\"1777616702\"><noscript class=\"wpforms-error-noscript\">Por favor, activa JavaScript en tu navegador para completar este formulario.<\/noscript><div id=\"wpforms-error-noscript\" style=\"display: none;\">Por favor, activa JavaScript en tu navegador para completar este formulario.<\/div><div class=\"wpforms-field-container\"><div id=\"wpforms-336-field_0-container\" class=\"wpforms-field wpforms-field-name\" data-field-id=\"0\"><label class=\"wpforms-field-label\" for=\"wpforms-336-field_0\">Nombre de tu Evento. <span class=\"wpforms-required-label\" aria-hidden=\"true\">*<\/span><\/label><input type=\"text\" id=\"wpforms-336-field_0\" class=\"wpforms-field-medium wpforms-field-required\" name=\"wpforms[fields][0]\" aria-errormessage=\"wpforms-336-field_0-error\" aria-describedby=\"wpforms-336-field_0-description\" required><div id=\"wpforms-336-field_0-description\" class=\"wpforms-field-description\">Este ser\u00e1 el nombre que la gente ver\u00e1 en el calendario.<\/div><\/div><div id=\"wpforms-336-field_7-container\" class=\"wpforms-field wpforms-field-name\" data-field-id=\"7\"><label class=\"wpforms-field-label\" for=\"wpforms-336-field_7\">Fecha y Hora del Evento. <span class=\"wpforms-required-label\" aria-hidden=\"true\">*<\/span><\/label><input type=\"text\" id=\"wpforms-336-field_7\" class=\"wpforms-field-medium wpforms-field-required\" name=\"wpforms[fields][7]\" aria-errormessage=\"wpforms-336-field_7-error\" aria-describedby=\"wpforms-336-field_7-description\" required><div id=\"wpforms-336-field_7-description\" class=\"wpforms-field-description\">Si el evento dura x horas, ind\u00edcalo en este campo.\r\nEj: 25 de octubre de 21:00 a 00:00.<\/div><\/div><div id=\"wpforms-336-field_3-container\" class=\"wpforms-field wpforms-field-text\" data-field-id=\"3\"><label class=\"wpforms-field-label\" for=\"wpforms-336-field_3\">Tipo de entrada. <span class=\"wpforms-required-label\" aria-hidden=\"true\">*<\/span><\/label><input type=\"text\" id=\"wpforms-336-field_3\" class=\"wpforms-field-medium wpforms-field-required\" name=\"wpforms[fields][3]\" aria-errormessage=\"wpforms-336-field_3-error\" aria-describedby=\"wpforms-336-field_3-description\" required><div id=\"wpforms-336-field_3-description\" class=\"wpforms-field-description\">Gratuita o con coste, ind\u00edcalo en este campo.<\/div><\/div><div id=\"wpforms-336-field_10-container\" class=\"wpforms-field wpforms-field-text\" data-field-id=\"10\"><label class=\"wpforms-field-label\" for=\"wpforms-336-field_10\">Nombre del Organizador <span class=\"wpforms-required-label\" aria-hidden=\"true\">*<\/span><\/label><input type=\"text\" id=\"wpforms-336-field_10\" class=\"wpforms-field-medium wpforms-field-required\" name=\"wpforms[fields][10]\" aria-errormessage=\"wpforms-336-field_10-error\" required><\/div><div id=\"wpforms-336-field_4-container\" class=\"wpforms-field wpforms-field-text\" data-field-id=\"4\"><label class=\"wpforms-field-label\" for=\"wpforms-336-field_4\">Tel\u00e9fono.<\/label><input type=\"text\" id=\"wpforms-336-field_4\" class=\"wpforms-field-medium\" name=\"wpforms[fields][4]\" aria-errormessage=\"wpforms-336-field_4-error\" ><\/div><div id=\"wpforms-336-field_5-container\" class=\"wpforms-field wpforms-field-text\" data-field-id=\"5\"><label class=\"wpforms-field-label\" for=\"wpforms-336-field_5\">Correo Electr\u00f3nico.<\/label><input type=\"text\" id=\"wpforms-336-field_5\" class=\"wpforms-field-medium\" name=\"wpforms[fields][5]\" aria-errormessage=\"wpforms-336-field_5-error\" ><\/div><div id=\"wpforms-336-field_6-container\" class=\"wpforms-field wpforms-field-text\" data-field-id=\"6\"><label class=\"wpforms-field-label\" for=\"wpforms-336-field_6\">Web del Organizador.<\/label><input type=\"text\" id=\"wpforms-336-field_6\" class=\"wpforms-field-medium\" name=\"wpforms[fields][6]\" aria-errormessage=\"wpforms-336-field_6-error\" ><\/div><div id=\"wpforms-336-field_8-container\" class=\"wpforms-field wpforms-field-text\" data-field-id=\"8\"><label class=\"wpforms-field-label\" for=\"wpforms-336-field_8\">Ubicaci\u00f3n del Evento. <span class=\"wpforms-required-label\" aria-hidden=\"true\">*<\/span><\/label><input type=\"text\" id=\"wpforms-336-field_8\" class=\"wpforms-field-medium wpforms-field-required\" name=\"wpforms[fields][8]\" aria-errormessage=\"wpforms-336-field_8-error\" aria-describedby=\"wpforms-336-field_8-description\" required><div id=\"wpforms-336-field_8-description\" class=\"wpforms-field-description\">Ind\u00edcanos la ubicaci\u00f3n exacta (con los datos completos) donde se realizar\u00e1, pondremos un Mapa para que el asistente no pueda perderse.<\/div><\/div><\/div><!-- .wpforms-field-container -->\r\n\t\t\t<script>\r\n\t\t\tif ( typeof huOptions !== 'undefined' ) {\r\n\t\t\t\tvar huFormData = {\"source\":\"wpforms\",\"id\":336,\"title\":\"A\\u00f1ade tu Evento.\",\"fields\":{\"subject\":{\"first_name\":\"\",\"last_name\":\"\"}}};\r\n\t\t\t\tvar huFormNode = document.querySelector( '[id=\"wpforms-336\"] form' );\r\n\r\n\t\t\t\tvar firstName = huFormNode.querySelector( 'input.wpforms-field-name-first' );\r\n\t\t\t\tvar lastName = huFormNode.querySelector( 'input.wpforms-field-name-last' );\r\n\r\n\t\t\t\tif ( firstName )\r\n\t\t\t\t\thuFormData['fields']['subject']['first_name'] = firstName.getAttribute( 'name' );\r\n\r\n\t\t\t\tif ( lastName )\r\n\t\t\t\t\thuFormData['fields']['subject']['last_name'] = lastName.getAttribute( 'name' );\r\n\r\n\t\t\t\thuFormData['node'] = huFormNode;\r\n\t\t\t\thuOptions['forms'].push( huFormData );\r\n\t\t\t}\r\n\t\t\t<\/script><div class=\"wpforms-submit-container\" ><input type=\"hidden\" name=\"wpforms[id]\" value=\"336\"><input type=\"hidden\" name=\"page_title\" value=\"\"><input type=\"hidden\" name=\"page_url\" value=\"https:\/\/laventanadealmocita.com\/index.php\/wp-json\/wp\/v2\/pages\/341\"><input type=\"hidden\" name=\"url_referer\" value=\"\"><button type=\"submit\" name=\"wpforms[submit]\" id=\"wpforms-submit-336\" class=\"wpforms-submit\" data-alt-text=\"Enviando...\" data-submit-text=\"Enviar\" aria-live=\"assertive\" value=\"wpforms-submit\">Enviar<\/button><img loading=\"lazy\" decoding=\"async\" src=\"https:\/\/laventanadealmocita.com\/wp-content\/plugins\/wpforms-lite\/assets\/images\/submit-spin.svg\" class=\"wpforms-submit-spinner\" style=\"display: none;\" width=\"26\" height=\"26\" alt=\"Cargando\"><\/div><\/form><\/div>  <!-- .wpforms-container -->","protected":false},"excerpt":{"rendered":"<p>Recuerda enviar el flyer (Foto del evento) que quieres que se muestre en la publicidad al correo electr\u00f3nico info@laventanadealmocita.com una vez termines el siguiente formulario:<\/p>\n","protected":false},"author":1,"featured_media":0,"parent":0,"menu_order":0,"comment_status":"closed","ping_status":"closed","template":"","meta":{"_kad_post_transparent":"","_kad_post_title":"","_kad_post_layout":"","_kad_post_sidebar_id":"","_kad_post_content_style":"","_kad_post_vertical_padding":"","_kad_post_feature":"","_kad_post_feature_position":"","_kad_post_header":false,"_kad_post_footer":false,"_kad_post_classname":"","footnotes":""},"class_list":["post-341","page","type-page","status-publish","hentry"],"_links":{"self":[{"href":"https:\/\/laventanadealmocita.com\/index.php\/wp-json\/wp\/v2\/pages\/341","targetHints":{"allow":["GET"]}}],"collection":[{"href":"https:\/\/laventanadealmocita.com\/index.php\/wp-json\/wp\/v2\/pages"}],"about":[{"href":"https:\/\/laventanadealmocita.com\/index.php\/wp-json\/wp\/v2\/types\/page"}],"author":[{"embeddable":true,"href":"https:\/\/laventanadealmocita.com\/index.php\/wp-json\/wp\/v2\/users\/1"}],"replies":[{"embeddable":true,"href":"https:\/\/laventanadealmocita.com\/index.php\/wp-json\/wp\/v2\/comments?post=341"}],"version-history":[{"count":1,"href":"https:\/\/laventanadealmocita.com\/index.php\/wp-json\/wp\/v2\/pages\/341\/revisions"}],"predecessor-version":[{"id":343,"href":"https:\/\/laventanadealmocita.com\/index.php\/wp-json\/wp\/v2\/pages\/341\/revisions\/343"}],"wp:attachment":[{"href":"https:\/\/laventanadealmocita.com\/index.php\/wp-json\/wp\/v2\/media?parent=341"}],"curies":[{"name":"wp","href":"https:\/\/api.w.org\/{rel}","templated":true}]}}