{"id":160,"date":"2023-08-14T17:30:10","date_gmt":"2023-08-14T17:30:10","guid":{"rendered":"https:\/\/laventanadealmocita.com\/?page_id=160"},"modified":"2024-02-07T10:21:15","modified_gmt":"2024-02-07T10:21:15","slug":"actividades-municipales-2","status":"publish","type":"page","link":"https:\/\/laventanadealmocita.com\/index.php\/actividades-municipales-2\/","title":{"rendered":"Actividades Municipales"},"content":{"rendered":"\n<p>Aqu\u00ed encontrar\u00e1s todas las noticias oficiales del municipio; desde nuevas normativas, informaci\u00f3n sobre los plenos, licitaciones, etc. <\/p>\n\n\n\n<p><\/p>\n","protected":false},"excerpt":{"rendered":"<p>Aqu\u00ed encontrar\u00e1s todas las noticias oficiales del municipio; desde nuevas normativas, informaci\u00f3n sobre los plenos, licitaciones, etc.<\/p>\n","protected":false},"author":1,"featured_media":0,"parent":0,"menu_order":0,"comment_status":"closed","ping_status":"closed","template":"","meta":{"_kad_post_transparent":"","_kad_post_title":"","_kad_post_layout":"","_kad_post_sidebar_id":"","_kad_post_content_style":"","_kad_post_vertical_padding":"","_kad_post_feature":"","_kad_post_feature_position":"","_kad_post_header":false,"_kad_post_footer":false,"_kad_post_classname":"","footnotes":""},"class_list":["post-160","page","type-page","status-publish","hentry"],"_links":{"self":[{"href":"https:\/\/laventanadealmocita.com\/index.php\/wp-json\/wp\/v2\/pages\/160","targetHints":{"allow":["GET"]}}],"collection":[{"href":"https:\/\/laventanadealmocita.com\/index.php\/wp-json\/wp\/v2\/pages"}],"about":[{"href":"https:\/\/laventanadealmocita.com\/index.php\/wp-json\/wp\/v2\/types\/page"}],"author":[{"embeddable":true,"href":"https:\/\/laventanadealmocita.com\/index.php\/wp-json\/wp\/v2\/users\/1"}],"replies":[{"embeddable":true,"href":"https:\/\/laventanadealmocita.com\/index.php\/wp-json\/wp\/v2\/comments?post=160"}],"version-history":[{"count":3,"href":"https:\/\/laventanadealmocita.com\/index.php\/wp-json\/wp\/v2\/pages\/160\/revisions"}],"predecessor-version":[{"id":670,"href":"https:\/\/laventanadealmocita.com\/index.php\/wp-json\/wp\/v2\/pages\/160\/revisions\/670"}],"wp:attachment":[{"href":"https:\/\/laventanadealmocita.com\/index.php\/wp-json\/wp\/v2\/media?parent=160"}],"curies":[{"name":"wp","href":"https:\/\/api.w.org\/{rel}","templated":true}]}}