{"id":145,"date":"2023-08-14T17:02:28","date_gmt":"2023-08-14T17:02:28","guid":{"rendered":"https:\/\/laventanadealmocita.com\/?page_id=145"},"modified":"2023-08-22T10:03:36","modified_gmt":"2023-08-22T10:03:36","slug":"para-empresas","status":"publish","type":"page","link":"https:\/\/laventanadealmocita.com\/index.php\/para-empresas\/","title":{"rendered":"Para Empresas"},"content":{"rendered":"\n<h2 class=\"wp-block-heading\">Nace por fin, el primer Colectivo de Asociaciones y Empresas de nuestro pueblo.<\/h2>\n\n\n\n<p>\u00bfC\u00f3mo vamos a ayudarte de forma gratuita al pertenecer al colectivo?<\/p>\n\n\n\n<ul class=\"wp-block-list\">\n<li>Dise\u00f1o, Alojamiento y Gesti\u00f3n de tu dominio web.<\/li>\n\n\n\n<li>Dise\u00f1o, Alojamiento y Creaci\u00f3n de tu primera Landing Page.<\/li>\n\n\n\n<li>Alojamiento y Creaci\u00f3n de tus Mails Corporativos en nuestros servidores.<\/li>\n\n\n\n<li>Asesoramiento Gratuito en el Registro de tu Marca a trav\u00e9s de la Organizaci\u00f3n Espa\u00f1ola de Patentes y Marcas.<\/li>\n\n\n\n<li>Publicidad gratuita de tus servicios en nuestra Web y RRSS (Tik Tok, Pinterest, Instagram y Facebook).<\/li>\n\n\n\n<li>2 Cursos Gratuitos al a\u00f1o para nuestros socios focalizados en tecnolog\u00edas y RRSS trending                                                                                        (ChatGPT, MyJourney, Gestores de Tareas con IA, Posicionamiento SEO).<\/li>\n\n\n\n<li>Asesoramiento en la gesti\u00f3n de tus RRSS.<\/li>\n\n\n\n<li>Asesoramiento personalizado en las necesidades digitales de tu asociaci\u00f3n\/empresa.<\/li>\n\n\n\n<li>Tramitaci\u00f3n de la subvenci\u00f3n \u00abKit Digital\u00bb.<\/li>\n\n\n\n<li>Acceso gratuito preferente (Previa reserva semanal) al Coworking de LVDA.<\/li>\n<\/ul>\n\n\n\n<p><\/p>\n\n\n<div class=\"wp-block-image\">\n<figure class=\"aligncenter size-full\"><img loading=\"lazy\" decoding=\"async\" width=\"1024\" height=\"576\" src=\"https:\/\/laventanadealmocita.com\/wp-content\/uploads\/2023\/08\/Formulario.jpeg\" alt=\"\" class=\"wp-image-270\" srcset=\"https:\/\/laventanadealmocita.com\/wp-content\/uploads\/2023\/08\/Formulario.jpeg 1024w, https:\/\/laventanadealmocita.com\/wp-content\/uploads\/2023\/08\/Formulario-300x169.jpeg 300w, https:\/\/laventanadealmocita.com\/wp-content\/uploads\/2023\/08\/Formulario-768x432.jpeg 768w\" sizes=\"auto, (max-width: 1024px) 100vw, 1024px\" \/><\/figure>\n<\/div>\n\n\n<p><\/p>\n\n\n\n<p><\/p>\n\n\n\n<p>\u00bfC\u00f3mo puedo inscribirme y empezar a gestionar mis servicios?<\/p>\n\n\n\n<ul class=\"wp-block-list\">\n<li>A trav\u00e9s del Mail <a href=\"mailto:Info@LaVentanaDeAlmocita.com\">Info@LaVentanaDeAlmocita.com<\/a> o contactando con nosotros a trav\u00e9s de whatsapp en el tel\u00e9fono: <a href=\"https:\/\/wa.me\/34620330356\">620330356<\/a>.<\/li>\n<\/ul>\n","protected":false},"excerpt":{"rendered":"<p>Nace por fin, el primer Colectivo de Asociaciones y Empresas de nuestro pueblo. \u00bfC\u00f3mo vamos a ayudarte de forma gratuita al pertenecer al colectivo? \u00bfC\u00f3mo puedo inscribirme y empezar a&#8230;<\/p>\n","protected":false},"author":1,"featured_media":0,"parent":0,"menu_order":0,"comment_status":"closed","ping_status":"closed","template":"","meta":{"_kad_post_transparent":"","_kad_post_title":"show","_kad_post_layout":"","_kad_post_sidebar_id":"","_kad_post_content_style":"","_kad_post_vertical_padding":"","_kad_post_feature":"","_kad_post_feature_position":"","_kad_post_header":false,"_kad_post_footer":false,"_kad_post_classname":"","footnotes":""},"class_list":["post-145","page","type-page","status-publish","hentry"],"_links":{"self":[{"href":"https:\/\/laventanadealmocita.com\/index.php\/wp-json\/wp\/v2\/pages\/145","targetHints":{"allow":["GET"]}}],"collection":[{"href":"https:\/\/laventanadealmocita.com\/index.php\/wp-json\/wp\/v2\/pages"}],"about":[{"href":"https:\/\/laventanadealmocita.com\/index.php\/wp-json\/wp\/v2\/types\/page"}],"author":[{"embeddable":true,"href":"https:\/\/laventanadealmocita.com\/index.php\/wp-json\/wp\/v2\/users\/1"}],"replies":[{"embeddable":true,"href":"https:\/\/laventanadealmocita.com\/index.php\/wp-json\/wp\/v2\/comments?post=145"}],"version-history":[{"count":3,"href":"https:\/\/laventanadealmocita.com\/index.php\/wp-json\/wp\/v2\/pages\/145\/revisions"}],"predecessor-version":[{"id":272,"href":"https:\/\/laventanadealmocita.com\/index.php\/wp-json\/wp\/v2\/pages\/145\/revisions\/272"}],"wp:attachment":[{"href":"https:\/\/laventanadealmocita.com\/index.php\/wp-json\/wp\/v2\/media?parent=145"}],"curies":[{"name":"wp","href":"https:\/\/api.w.org\/{rel}","templated":true}]}}